{"id":10,"date":"2026-01-21T00:26:24","date_gmt":"2026-01-20T23:26:24","guid":{"rendered":"https:\/\/hcproconsult.com\/?page_id=10"},"modified":"2026-01-21T00:26:58","modified_gmt":"2026-01-20T23:26:58","slug":"accueil","status":"publish","type":"page","link":"https:\/\/hcproconsult.com\/index.php\/accueil\/","title":{"rendered":"Accueil"},"content":{"rendered":"\n<div class=\"wp-block-uagb-container uagb-block-6ee5e7bb alignfull uagb-is-root-container\"><div class=\"uagb-container-inner-blocks-wrap\"><\/div><\/div>\n","protected":false},"excerpt":{"rendered":"","protected":false},"author":1,"featured_media":0,"parent":0,"menu_order":0,"comment_status":"closed","ping_status":"closed","template":"","meta":{"_uag_custom_page_level_css":"\u00c0 propos de WordPress\u00c0 propos de WordPressContribuerSite de WordPress-FRDocumentationApprendre WordPressForums de supportVos retoursWordPressTableau de bordExtensionsTh\u00e8mesModifier le site3535 commentaires en mod\u00e9rationCr\u00e9erArticleFichier m\u00e9diaPageFen\u00eatre surgissante SpectraCompte\n\nBonjour, admin7088admin7088Modifier le profilSe d\u00e9connecterRechercher\t\t\t\n\t\t\n\n\t\t\n\n\n\n\n\nWordPress\n\n\n\n\n\t\t\t\t\n\t\t\t\t\t\n\t\t\t\t\t\t\n\t\t\t\t\t\t\t\n\t\t\t\t\t\t\t\n\t\t\t\t\t\t\t\tPage d\u2019exemple\n\t\t\t\t\t\t\t\n\t\t\t\t\t\t\n\t\t\t\t\t\n\t\t\t\t\n\n\n\n\n\n\n\n\n\t\t\t\t\t404\n\t\t\t\t\t\n\t\t\t\t\t\n\t\t\t\t\tCette page n\u2018a pas pu \u00eatre trouv\u00e9e. Essayez peut-\u00eatre une recherche ?\n\t\t\t\t\t\n\t\t\t\t\tRechercher\n\t\t\t\t\t\n\t\t\t\t\n\n\n\n\n\n\n\n\t\t\t\t\t\n\t\t\t\t\tWordPress\n\n\t\t\t\t\t\n\t\t\t\t\tFi\u00e8rement propuls\u00e9 par WordPress","footnotes":""},"class_list":["post-10","page","type-page","status-publish","hentry"],"uagb_featured_image_src":{"full":false,"thumbnail":false,"medium":false,"medium_large":false,"large":false,"1536x1536":false,"2048x2048":false},"uagb_author_info":{"display_name":"admin7088","author_link":"https:\/\/hcproconsult.com\/index.php\/author\/admin7088\/"},"uagb_comment_info":0,"uagb_excerpt":null,"_links":{"self":[{"href":"https:\/\/hcproconsult.com\/index.php\/wp-json\/wp\/v2\/pages\/10","targetHints":{"allow":["GET"]}}],"collection":[{"href":"https:\/\/hcproconsult.com\/index.php\/wp-json\/wp\/v2\/pages"}],"about":[{"href":"https:\/\/hcproconsult.com\/index.php\/wp-json\/wp\/v2\/types\/page"}],"author":[{"embeddable":true,"href":"https:\/\/hcproconsult.com\/index.php\/wp-json\/wp\/v2\/users\/1"}],"replies":[{"embeddable":true,"href":"https:\/\/hcproconsult.com\/index.php\/wp-json\/wp\/v2\/comments?post=10"}],"version-history":[{"count":3,"href":"https:\/\/hcproconsult.com\/index.php\/wp-json\/wp\/v2\/pages\/10\/revisions"}],"predecessor-version":[{"id":13,"href":"https:\/\/hcproconsult.com\/index.php\/wp-json\/wp\/v2\/pages\/10\/revisions\/13"}],"wp:attachment":[{"href":"https:\/\/hcproconsult.com\/index.php\/wp-json\/wp\/v2\/media?parent=10"}],"curies":[{"name":"wp","href":"https:\/\/api.w.org\/{rel}","templated":true}]}}